{"id":979,"date":"2024-07-07T01:04:56","date_gmt":"2024-07-07T05:04:56","guid":{"rendered":"https:\/\/hokmaimoveis.com.br\/?post_type=product&#038;p=979"},"modified":"2026-03-01T22:27:50","modified_gmt":"2026-03-02T02:27:50","slug":"casa-no-conjunto-jardim-belo-horizonte","status":"publish","type":"product","link":"https:\/\/hokmaimoveis.com.br\/index.php\/produto\/casa-no-conjunto-jardim-belo-horizonte\/","title":{"rendered":"Casa No Conjunto Jardim Belo Horizonte"},"content":{"rendered":"<p>Excelente oportunidade de venda de casa no\u00a0 conjunto jardim belo horizonte com terreno medindo: 14 x 30 = 420 m2 e 470 m2 de \u00e1rea constru\u00edda, murado com port\u00e3o de alum\u00ednio, sala de estar jantar, est\u00fadio, cozinha, tr\u00eas su\u00edtes climatizadas, sendo a master com closed, edicula com depend\u00eancia de empregado, \u00e1rea de servi\u00e7o, deposito, 5 vagas de garagens cobertas, piso da \u00e1rea externa na cer\u00e2mica, cozinha no porcelanato, sala e quartos na vin\u00edlico, piscina.<\/p>\n","protected":false},"excerpt":{"rendered":"<p>Excelente oportunidade de venda de casa no\u00a0 conjunto jardim belo horizonte com terreno medindo: 14 x 30 = 420 m2 e 470 m2 de \u00e1rea constru\u00edda, murado com port\u00e3o de alum\u00ednio, sala de estar jantar, est\u00fadio, cozinha, tr\u00eas su\u00edtes climatizadas, sendo a master com closed, edicula com depend\u00eancia de empregado, \u00e1rea de servi\u00e7o, deposito, 5 [&hellip;]<\/p>\n","protected":false},"featured_media":980,"template":"","meta":[],"product_cat":[20,19],"product_tag":[33],"yoast_head":"<!-- This site is optimized with the Yoast SEO plugin v22.6 - https:\/\/yoast.com\/wordpress\/plugins\/seo\/ -->\n<title>Casa No Conjunto Jardim Belo Horizonte - Hokma Imoveis<\/title>\n<meta name=\"robots\" content=\"index, follow, max-snippet:-1, max-image-preview:large, max-video-preview:-1\" \/>\n<link rel=\"canonical\" href=\"https:\/\/hokmaimoveis.com.br\/index.php\/produto\/casa-no-conjunto-jardim-belo-horizonte\/\" \/>\n<meta property=\"og:locale\" content=\"pt_BR\" \/>\n<meta property=\"og:type\" content=\"article\" \/>\n<meta property=\"og:title\" content=\"Casa No Conjunto Jardim Belo Horizonte - Hokma Imoveis\" \/>\n<meta property=\"og:description\" content=\"Excelente oportunidade de venda de casa no\u00a0 conjunto jardim belo horizonte com terreno medindo: 14 x 30 = 420 m2 e 470 m2 de \u00e1rea constru\u00edda, murado com port\u00e3o de alum\u00ednio, sala de estar jantar, est\u00fadio, cozinha, tr\u00eas su\u00edtes climatizadas, sendo a master com closed, edicula com depend\u00eancia de empregado, \u00e1rea de servi\u00e7o, deposito, 5 [&hellip;]\" \/>\n<meta property=\"og:url\" content=\"https:\/\/hokmaimoveis.com.br\/index.php\/produto\/casa-no-conjunto-jardim-belo-horizonte\/\" \/>\n<meta property=\"og:site_name\" content=\"Hokma Imoveis\" \/>\n<meta property=\"article:publisher\" content=\"https:\/\/www.facebook.com\/hokmaimoveis\" \/>\n<meta property=\"article:modified_time\" content=\"2026-03-02T02:27:50+00:00\" \/>\n<meta property=\"og:image\" content=\"https:\/\/hokmaimoveis.com.br\/wp-content\/uploads\/2024\/07\/01-4-scaled.jpg\" \/>\n\t<meta property=\"og:image:width\" content=\"1920\" \/>\n\t<meta property=\"og:image:height\" content=\"2560\" \/>\n\t<meta property=\"og:image:type\" content=\"image\/jpeg\" \/>\n<meta name=\"twitter:card\" content=\"summary_large_image\" \/>\n<meta name=\"twitter:label1\" content=\"Est. tempo de leitura\" \/>\n\t<meta name=\"twitter:data1\" content=\"1 minuto\" \/>\n<script type=\"application\/ld+json\" class=\"yoast-schema-graph\">{\"@context\":\"https:\/\/schema.org\",\"@graph\":[{\"@type\":\"WebPage\",\"@id\":\"https:\/\/hokmaimoveis.com.br\/index.php\/produto\/casa-no-conjunto-jardim-belo-horizonte\/\",\"url\":\"https:\/\/hokmaimoveis.com.br\/index.php\/produto\/casa-no-conjunto-jardim-belo-horizonte\/\",\"name\":\"Casa No Conjunto Jardim Belo Horizonte - Hokma Imoveis\",\"isPartOf\":{\"@id\":\"https:\/\/hokmaimoveis.com.br\/#website\"},\"primaryImageOfPage\":{\"@id\":\"https:\/\/hokmaimoveis.com.br\/index.php\/produto\/casa-no-conjunto-jardim-belo-horizonte\/#primaryimage\"},\"image\":{\"@id\":\"https:\/\/hokmaimoveis.com.br\/index.php\/produto\/casa-no-conjunto-jardim-belo-horizonte\/#primaryimage\"},\"thumbnailUrl\":\"https:\/\/hokmaimoveis.com.br\/wp-content\/uploads\/2024\/07\/01-4-scaled.jpg\",\"datePublished\":\"2024-07-07T05:04:56+00:00\",\"dateModified\":\"2026-03-02T02:27:50+00:00\",\"breadcrumb\":{\"@id\":\"https:\/\/hokmaimoveis.com.br\/index.php\/produto\/casa-no-conjunto-jardim-belo-horizonte\/#breadcrumb\"},\"inLanguage\":\"pt-BR\",\"potentialAction\":[{\"@type\":\"ReadAction\",\"target\":[\"https:\/\/hokmaimoveis.com.br\/index.php\/produto\/casa-no-conjunto-jardim-belo-horizonte\/\"]}]},{\"@type\":\"ImageObject\",\"inLanguage\":\"pt-BR\",\"@id\":\"https:\/\/hokmaimoveis.com.br\/index.php\/produto\/casa-no-conjunto-jardim-belo-horizonte\/#primaryimage\",\"url\":\"https:\/\/hokmaimoveis.com.br\/wp-content\/uploads\/2024\/07\/01-4-scaled.jpg\",\"contentUrl\":\"https:\/\/hokmaimoveis.com.br\/wp-content\/uploads\/2024\/07\/01-4-scaled.jpg\",\"width\":1920,\"height\":2560},{\"@type\":\"BreadcrumbList\",\"@id\":\"https:\/\/hokmaimoveis.com.br\/index.php\/produto\/casa-no-conjunto-jardim-belo-horizonte\/#breadcrumb\",\"itemListElement\":[{\"@type\":\"ListItem\",\"position\":1,\"name\":\"In\u00edcio\",\"item\":\"https:\/\/hokmaimoveis.com.br\/\"},{\"@type\":\"ListItem\",\"position\":2,\"name\":\"Casa No Conjunto Jardim Belo Horizonte\"}]},{\"@type\":\"WebSite\",\"@id\":\"https:\/\/hokmaimoveis.com.br\/#website\",\"url\":\"https:\/\/hokmaimoveis.com.br\/\",\"name\":\"Hokma Imoveis\",\"description\":\"\",\"publisher\":{\"@id\":\"https:\/\/hokmaimoveis.com.br\/#organization\"},\"potentialAction\":[{\"@type\":\"SearchAction\",\"target\":{\"@type\":\"EntryPoint\",\"urlTemplate\":\"https:\/\/hokmaimoveis.com.br\/?s={search_term_string}\"},\"query-input\":\"required name=search_term_string\"}],\"inLanguage\":\"pt-BR\"},{\"@type\":\"Organization\",\"@id\":\"https:\/\/hokmaimoveis.com.br\/#organization\",\"name\":\"Hokma Imoveis\",\"url\":\"https:\/\/hokmaimoveis.com.br\/\",\"logo\":{\"@type\":\"ImageObject\",\"inLanguage\":\"pt-BR\",\"@id\":\"https:\/\/hokmaimoveis.com.br\/#\/schema\/logo\/image\/\",\"url\":\"https:\/\/hokmaimoveis.com.br\/wp-content\/uploads\/2023\/08\/cropped-logomarca.jpg\",\"contentUrl\":\"https:\/\/hokmaimoveis.com.br\/wp-content\/uploads\/2023\/08\/cropped-logomarca.jpg\",\"width\":555,\"height\":407,\"caption\":\"Hokma Imoveis\"},\"image\":{\"@id\":\"https:\/\/hokmaimoveis.com.br\/#\/schema\/logo\/image\/\"},\"sameAs\":[\"https:\/\/www.facebook.com\/hokmaimoveis\",\"https:\/\/www.instagram.com\/hokmaimoveis\/\",\"https:\/\/www.linkedin.com\/in\/elias-fernando-73724962\/\"]}]}<\/script>\n<!-- \/ Yoast SEO plugin. -->","yoast_head_json":{"title":"Casa No Conjunto Jardim Belo Horizonte - Hokma Imoveis","robots":{"index":"index","follow":"follow","max-snippet":"max-snippet:-1","max-image-preview":"max-image-preview:large","max-video-preview":"max-video-preview:-1"},"canonical":"https:\/\/hokmaimoveis.com.br\/index.php\/produto\/casa-no-conjunto-jardim-belo-horizonte\/","og_locale":"pt_BR","og_type":"article","og_title":"Casa No Conjunto Jardim Belo Horizonte - Hokma Imoveis","og_description":"Excelente oportunidade de venda de casa no\u00a0 conjunto jardim belo horizonte com terreno medindo: 14 x 30 = 420 m2 e 470 m2 de \u00e1rea constru\u00edda, murado com port\u00e3o de alum\u00ednio, sala de estar jantar, est\u00fadio, cozinha, tr\u00eas su\u00edtes climatizadas, sendo a master com closed, edicula com depend\u00eancia de empregado, \u00e1rea de servi\u00e7o, deposito, 5 [&hellip;]","og_url":"https:\/\/hokmaimoveis.com.br\/index.php\/produto\/casa-no-conjunto-jardim-belo-horizonte\/","og_site_name":"Hokma Imoveis","article_publisher":"https:\/\/www.facebook.com\/hokmaimoveis","article_modified_time":"2026-03-02T02:27:50+00:00","og_image":[{"width":1920,"height":2560,"url":"https:\/\/hokmaimoveis.com.br\/wp-content\/uploads\/2024\/07\/01-4-scaled.jpg","type":"image\/jpeg"}],"twitter_card":"summary_large_image","twitter_misc":{"Est. tempo de leitura":"1 minuto"},"schema":{"@context":"https:\/\/schema.org","@graph":[{"@type":"WebPage","@id":"https:\/\/hokmaimoveis.com.br\/index.php\/produto\/casa-no-conjunto-jardim-belo-horizonte\/","url":"https:\/\/hokmaimoveis.com.br\/index.php\/produto\/casa-no-conjunto-jardim-belo-horizonte\/","name":"Casa No Conjunto Jardim Belo Horizonte - Hokma Imoveis","isPartOf":{"@id":"https:\/\/hokmaimoveis.com.br\/#website"},"primaryImageOfPage":{"@id":"https:\/\/hokmaimoveis.com.br\/index.php\/produto\/casa-no-conjunto-jardim-belo-horizonte\/#primaryimage"},"image":{"@id":"https:\/\/hokmaimoveis.com.br\/index.php\/produto\/casa-no-conjunto-jardim-belo-horizonte\/#primaryimage"},"thumbnailUrl":"https:\/\/hokmaimoveis.com.br\/wp-content\/uploads\/2024\/07\/01-4-scaled.jpg","datePublished":"2024-07-07T05:04:56+00:00","dateModified":"2026-03-02T02:27:50+00:00","breadcrumb":{"@id":"https:\/\/hokmaimoveis.com.br\/index.php\/produto\/casa-no-conjunto-jardim-belo-horizonte\/#breadcrumb"},"inLanguage":"pt-BR","potentialAction":[{"@type":"ReadAction","target":["https:\/\/hokmaimoveis.com.br\/index.php\/produto\/casa-no-conjunto-jardim-belo-horizonte\/"]}]},{"@type":"ImageObject","inLanguage":"pt-BR","@id":"https:\/\/hokmaimoveis.com.br\/index.php\/produto\/casa-no-conjunto-jardim-belo-horizonte\/#primaryimage","url":"https:\/\/hokmaimoveis.com.br\/wp-content\/uploads\/2024\/07\/01-4-scaled.jpg","contentUrl":"https:\/\/hokmaimoveis.com.br\/wp-content\/uploads\/2024\/07\/01-4-scaled.jpg","width":1920,"height":2560},{"@type":"BreadcrumbList","@id":"https:\/\/hokmaimoveis.com.br\/index.php\/produto\/casa-no-conjunto-jardim-belo-horizonte\/#breadcrumb","itemListElement":[{"@type":"ListItem","position":1,"name":"In\u00edcio","item":"https:\/\/hokmaimoveis.com.br\/"},{"@type":"ListItem","position":2,"name":"Casa No Conjunto Jardim Belo Horizonte"}]},{"@type":"WebSite","@id":"https:\/\/hokmaimoveis.com.br\/#website","url":"https:\/\/hokmaimoveis.com.br\/","name":"Hokma Imoveis","description":"","publisher":{"@id":"https:\/\/hokmaimoveis.com.br\/#organization"},"potentialAction":[{"@type":"SearchAction","target":{"@type":"EntryPoint","urlTemplate":"https:\/\/hokmaimoveis.com.br\/?s={search_term_string}"},"query-input":"required name=search_term_string"}],"inLanguage":"pt-BR"},{"@type":"Organization","@id":"https:\/\/hokmaimoveis.com.br\/#organization","name":"Hokma Imoveis","url":"https:\/\/hokmaimoveis.com.br\/","logo":{"@type":"ImageObject","inLanguage":"pt-BR","@id":"https:\/\/hokmaimoveis.com.br\/#\/schema\/logo\/image\/","url":"https:\/\/hokmaimoveis.com.br\/wp-content\/uploads\/2023\/08\/cropped-logomarca.jpg","contentUrl":"https:\/\/hokmaimoveis.com.br\/wp-content\/uploads\/2023\/08\/cropped-logomarca.jpg","width":555,"height":407,"caption":"Hokma Imoveis"},"image":{"@id":"https:\/\/hokmaimoveis.com.br\/#\/schema\/logo\/image\/"},"sameAs":["https:\/\/www.facebook.com\/hokmaimoveis","https:\/\/www.instagram.com\/hokmaimoveis\/","https:\/\/www.linkedin.com\/in\/elias-fernando-73724962\/"]}]}},"_links":{"self":[{"href":"https:\/\/hokmaimoveis.com.br\/index.php\/wp-json\/wp\/v2\/product\/979"}],"collection":[{"href":"https:\/\/hokmaimoveis.com.br\/index.php\/wp-json\/wp\/v2\/product"}],"about":[{"href":"https:\/\/hokmaimoveis.com.br\/index.php\/wp-json\/wp\/v2\/types\/product"}],"version-history":[{"count":1,"href":"https:\/\/hokmaimoveis.com.br\/index.php\/wp-json\/wp\/v2\/product\/979\/revisions"}],"predecessor-version":[{"id":999,"href":"https:\/\/hokmaimoveis.com.br\/index.php\/wp-json\/wp\/v2\/product\/979\/revisions\/999"}],"wp:featuredmedia":[{"embeddable":true,"href":"https:\/\/hokmaimoveis.com.br\/index.php\/wp-json\/wp\/v2\/media\/980"}],"wp:attachment":[{"href":"https:\/\/hokmaimoveis.com.br\/index.php\/wp-json\/wp\/v2\/media?parent=979"}],"wp:term":[{"taxonomy":"product_cat","embeddable":true,"href":"https:\/\/hokmaimoveis.com.br\/index.php\/wp-json\/wp\/v2\/product_cat?post=979"},{"taxonomy":"product_tag","embeddable":true,"href":"https:\/\/hokmaimoveis.com.br\/index.php\/wp-json\/wp\/v2\/product_tag?post=979"}],"curies":[{"name":"wp","href":"https:\/\/api.w.org\/{rel}","templated":true}]}}