{"id":381,"date":"2023-09-20T11:19:11","date_gmt":"2023-09-20T14:19:11","guid":{"rendered":"https:\/\/hokmaimoveis.com.br\/?post_type=product&#038;p=381"},"modified":"2023-09-20T11:20:54","modified_gmt":"2023-09-20T14:20:54","slug":"apartamento-com-4-quartos-ponta-negra","status":"publish","type":"product","link":"https:\/\/hokmaimoveis.com.br\/index.php\/produto\/apartamento-com-4-quartos-ponta-negra\/","title":{"rendered":"Apartamento com 4 Quartos Ponta Negra"},"content":{"rendered":"<p>Excelente oportunidade de aluguel de apartamento de alto padr\u00e3o na orla da ponta negra, com vista para praia e rio, com ampla sala de estar jantar, ampla varanda gourmet, lavabo, 4 su\u00edtes sendo a master com closed e banheira de hidro massagem, cozinha, \u00e1rea de servi\u00e7o, deposito, dep de empregado com banheiro, 3 vagas de garagem cobertas em sub-solo, piso em m\u00e1rmore de carrara, teto rebaixado em gesso, varanda e janelas com tela de prote\u00e7\u00e3o, arm\u00e1rios na cozinha, banheiros e quartos,banheiros com box em vidro temperado,valor do aluguel j\u00e1 incluso o condom\u00ednio, \u00e1gua e g\u00e1s encanado.<\/p>\n<h2 class=\"amenities__title display-small display-small__bold align-left\"><\/h2>\n","protected":false},"excerpt":{"rendered":"<p>Apartamento com 4 Quartos Ponta Negra<\/p>\n<h2 class=\"amenities__title display-small display-small__bold align-left\"><strong>Aluguel <\/strong><strong>ou V<\/strong><strong>enda\u00a0<\/strong><\/h2>\n","protected":false},"featured_media":384,"template":"","meta":[],"product_cat":[21,19],"product_tag":[],"yoast_head":"<!-- This site is optimized with the Yoast SEO plugin v22.6 - https:\/\/yoast.com\/wordpress\/plugins\/seo\/ -->\n<title>Apartamento com 4 Quartos Ponta Negra - Hokma Imoveis<\/title>\n<meta name=\"robots\" content=\"index, follow, max-snippet:-1, max-image-preview:large, max-video-preview:-1\" \/>\n<link rel=\"canonical\" href=\"https:\/\/hokmaimoveis.com.br\/index.php\/produto\/apartamento-com-4-quartos-ponta-negra\/\" \/>\n<meta property=\"og:locale\" content=\"pt_BR\" \/>\n<meta property=\"og:type\" content=\"article\" \/>\n<meta property=\"og:title\" content=\"Apartamento com 4 Quartos Ponta Negra - Hokma Imoveis\" \/>\n<meta property=\"og:description\" content=\"Apartamento com 4 Quartos Ponta Negra Aluguel ou Venda\u00a0\" \/>\n<meta property=\"og:url\" content=\"https:\/\/hokmaimoveis.com.br\/index.php\/produto\/apartamento-com-4-quartos-ponta-negra\/\" \/>\n<meta property=\"og:site_name\" content=\"Hokma Imoveis\" \/>\n<meta property=\"article:publisher\" content=\"https:\/\/www.facebook.com\/hokmaimoveis\" \/>\n<meta property=\"article:modified_time\" content=\"2023-09-20T14:20:54+00:00\" \/>\n<meta property=\"og:image\" content=\"https:\/\/hokmaimoveis.com.br\/wp-content\/uploads\/2023\/09\/01-8-scaled.jpg\" \/>\n\t<meta property=\"og:image:width\" content=\"1920\" \/>\n\t<meta property=\"og:image:height\" content=\"2560\" \/>\n\t<meta property=\"og:image:type\" content=\"image\/jpeg\" \/>\n<meta name=\"twitter:card\" content=\"summary_large_image\" \/>\n<meta name=\"twitter:label1\" content=\"Est. tempo de leitura\" \/>\n\t<meta name=\"twitter:data1\" content=\"1 minuto\" \/>\n<script type=\"application\/ld+json\" class=\"yoast-schema-graph\">{\"@context\":\"https:\/\/schema.org\",\"@graph\":[{\"@type\":\"WebPage\",\"@id\":\"https:\/\/hokmaimoveis.com.br\/index.php\/produto\/apartamento-com-4-quartos-ponta-negra\/\",\"url\":\"https:\/\/hokmaimoveis.com.br\/index.php\/produto\/apartamento-com-4-quartos-ponta-negra\/\",\"name\":\"Apartamento com 4 Quartos Ponta Negra - Hokma Imoveis\",\"isPartOf\":{\"@id\":\"https:\/\/hokmaimoveis.com.br\/#website\"},\"primaryImageOfPage\":{\"@id\":\"https:\/\/hokmaimoveis.com.br\/index.php\/produto\/apartamento-com-4-quartos-ponta-negra\/#primaryimage\"},\"image\":{\"@id\":\"https:\/\/hokmaimoveis.com.br\/index.php\/produto\/apartamento-com-4-quartos-ponta-negra\/#primaryimage\"},\"thumbnailUrl\":\"https:\/\/hokmaimoveis.com.br\/wp-content\/uploads\/2023\/09\/01-8-scaled.jpg\",\"datePublished\":\"2023-09-20T14:19:11+00:00\",\"dateModified\":\"2023-09-20T14:20:54+00:00\",\"breadcrumb\":{\"@id\":\"https:\/\/hokmaimoveis.com.br\/index.php\/produto\/apartamento-com-4-quartos-ponta-negra\/#breadcrumb\"},\"inLanguage\":\"pt-BR\",\"potentialAction\":[{\"@type\":\"ReadAction\",\"target\":[\"https:\/\/hokmaimoveis.com.br\/index.php\/produto\/apartamento-com-4-quartos-ponta-negra\/\"]}]},{\"@type\":\"ImageObject\",\"inLanguage\":\"pt-BR\",\"@id\":\"https:\/\/hokmaimoveis.com.br\/index.php\/produto\/apartamento-com-4-quartos-ponta-negra\/#primaryimage\",\"url\":\"https:\/\/hokmaimoveis.com.br\/wp-content\/uploads\/2023\/09\/01-8-scaled.jpg\",\"contentUrl\":\"https:\/\/hokmaimoveis.com.br\/wp-content\/uploads\/2023\/09\/01-8-scaled.jpg\",\"width\":1920,\"height\":2560},{\"@type\":\"BreadcrumbList\",\"@id\":\"https:\/\/hokmaimoveis.com.br\/index.php\/produto\/apartamento-com-4-quartos-ponta-negra\/#breadcrumb\",\"itemListElement\":[{\"@type\":\"ListItem\",\"position\":1,\"name\":\"In\u00edcio\",\"item\":\"https:\/\/hokmaimoveis.com.br\/\"},{\"@type\":\"ListItem\",\"position\":2,\"name\":\"Apartamento com 4 Quartos Ponta Negra\"}]},{\"@type\":\"WebSite\",\"@id\":\"https:\/\/hokmaimoveis.com.br\/#website\",\"url\":\"https:\/\/hokmaimoveis.com.br\/\",\"name\":\"Hokma Imoveis\",\"description\":\"\",\"publisher\":{\"@id\":\"https:\/\/hokmaimoveis.com.br\/#organization\"},\"potentialAction\":[{\"@type\":\"SearchAction\",\"target\":{\"@type\":\"EntryPoint\",\"urlTemplate\":\"https:\/\/hokmaimoveis.com.br\/?s={search_term_string}\"},\"query-input\":\"required name=search_term_string\"}],\"inLanguage\":\"pt-BR\"},{\"@type\":\"Organization\",\"@id\":\"https:\/\/hokmaimoveis.com.br\/#organization\",\"name\":\"Hokma Imoveis\",\"url\":\"https:\/\/hokmaimoveis.com.br\/\",\"logo\":{\"@type\":\"ImageObject\",\"inLanguage\":\"pt-BR\",\"@id\":\"https:\/\/hokmaimoveis.com.br\/#\/schema\/logo\/image\/\",\"url\":\"https:\/\/hokmaimoveis.com.br\/wp-content\/uploads\/2023\/08\/cropped-logomarca.jpg\",\"contentUrl\":\"https:\/\/hokmaimoveis.com.br\/wp-content\/uploads\/2023\/08\/cropped-logomarca.jpg\",\"width\":555,\"height\":407,\"caption\":\"Hokma Imoveis\"},\"image\":{\"@id\":\"https:\/\/hokmaimoveis.com.br\/#\/schema\/logo\/image\/\"},\"sameAs\":[\"https:\/\/www.facebook.com\/hokmaimoveis\",\"https:\/\/www.instagram.com\/hokmaimoveis\/\",\"https:\/\/www.linkedin.com\/in\/elias-fernando-73724962\/\"]}]}<\/script>\n<!-- \/ Yoast SEO plugin. -->","yoast_head_json":{"title":"Apartamento com 4 Quartos Ponta Negra - Hokma Imoveis","robots":{"index":"index","follow":"follow","max-snippet":"max-snippet:-1","max-image-preview":"max-image-preview:large","max-video-preview":"max-video-preview:-1"},"canonical":"https:\/\/hokmaimoveis.com.br\/index.php\/produto\/apartamento-com-4-quartos-ponta-negra\/","og_locale":"pt_BR","og_type":"article","og_title":"Apartamento com 4 Quartos Ponta Negra - Hokma Imoveis","og_description":"Apartamento com 4 Quartos Ponta Negra Aluguel ou Venda\u00a0","og_url":"https:\/\/hokmaimoveis.com.br\/index.php\/produto\/apartamento-com-4-quartos-ponta-negra\/","og_site_name":"Hokma Imoveis","article_publisher":"https:\/\/www.facebook.com\/hokmaimoveis","article_modified_time":"2023-09-20T14:20:54+00:00","og_image":[{"width":1920,"height":2560,"url":"https:\/\/hokmaimoveis.com.br\/wp-content\/uploads\/2023\/09\/01-8-scaled.jpg","type":"image\/jpeg"}],"twitter_card":"summary_large_image","twitter_misc":{"Est. tempo de leitura":"1 minuto"},"schema":{"@context":"https:\/\/schema.org","@graph":[{"@type":"WebPage","@id":"https:\/\/hokmaimoveis.com.br\/index.php\/produto\/apartamento-com-4-quartos-ponta-negra\/","url":"https:\/\/hokmaimoveis.com.br\/index.php\/produto\/apartamento-com-4-quartos-ponta-negra\/","name":"Apartamento com 4 Quartos Ponta Negra - Hokma Imoveis","isPartOf":{"@id":"https:\/\/hokmaimoveis.com.br\/#website"},"primaryImageOfPage":{"@id":"https:\/\/hokmaimoveis.com.br\/index.php\/produto\/apartamento-com-4-quartos-ponta-negra\/#primaryimage"},"image":{"@id":"https:\/\/hokmaimoveis.com.br\/index.php\/produto\/apartamento-com-4-quartos-ponta-negra\/#primaryimage"},"thumbnailUrl":"https:\/\/hokmaimoveis.com.br\/wp-content\/uploads\/2023\/09\/01-8-scaled.jpg","datePublished":"2023-09-20T14:19:11+00:00","dateModified":"2023-09-20T14:20:54+00:00","breadcrumb":{"@id":"https:\/\/hokmaimoveis.com.br\/index.php\/produto\/apartamento-com-4-quartos-ponta-negra\/#breadcrumb"},"inLanguage":"pt-BR","potentialAction":[{"@type":"ReadAction","target":["https:\/\/hokmaimoveis.com.br\/index.php\/produto\/apartamento-com-4-quartos-ponta-negra\/"]}]},{"@type":"ImageObject","inLanguage":"pt-BR","@id":"https:\/\/hokmaimoveis.com.br\/index.php\/produto\/apartamento-com-4-quartos-ponta-negra\/#primaryimage","url":"https:\/\/hokmaimoveis.com.br\/wp-content\/uploads\/2023\/09\/01-8-scaled.jpg","contentUrl":"https:\/\/hokmaimoveis.com.br\/wp-content\/uploads\/2023\/09\/01-8-scaled.jpg","width":1920,"height":2560},{"@type":"BreadcrumbList","@id":"https:\/\/hokmaimoveis.com.br\/index.php\/produto\/apartamento-com-4-quartos-ponta-negra\/#breadcrumb","itemListElement":[{"@type":"ListItem","position":1,"name":"In\u00edcio","item":"https:\/\/hokmaimoveis.com.br\/"},{"@type":"ListItem","position":2,"name":"Apartamento com 4 Quartos Ponta Negra"}]},{"@type":"WebSite","@id":"https:\/\/hokmaimoveis.com.br\/#website","url":"https:\/\/hokmaimoveis.com.br\/","name":"Hokma Imoveis","description":"","publisher":{"@id":"https:\/\/hokmaimoveis.com.br\/#organization"},"potentialAction":[{"@type":"SearchAction","target":{"@type":"EntryPoint","urlTemplate":"https:\/\/hokmaimoveis.com.br\/?s={search_term_string}"},"query-input":"required name=search_term_string"}],"inLanguage":"pt-BR"},{"@type":"Organization","@id":"https:\/\/hokmaimoveis.com.br\/#organization","name":"Hokma Imoveis","url":"https:\/\/hokmaimoveis.com.br\/","logo":{"@type":"ImageObject","inLanguage":"pt-BR","@id":"https:\/\/hokmaimoveis.com.br\/#\/schema\/logo\/image\/","url":"https:\/\/hokmaimoveis.com.br\/wp-content\/uploads\/2023\/08\/cropped-logomarca.jpg","contentUrl":"https:\/\/hokmaimoveis.com.br\/wp-content\/uploads\/2023\/08\/cropped-logomarca.jpg","width":555,"height":407,"caption":"Hokma Imoveis"},"image":{"@id":"https:\/\/hokmaimoveis.com.br\/#\/schema\/logo\/image\/"},"sameAs":["https:\/\/www.facebook.com\/hokmaimoveis","https:\/\/www.instagram.com\/hokmaimoveis\/","https:\/\/www.linkedin.com\/in\/elias-fernando-73724962\/"]}]}},"_links":{"self":[{"href":"https:\/\/hokmaimoveis.com.br\/index.php\/wp-json\/wp\/v2\/product\/381"}],"collection":[{"href":"https:\/\/hokmaimoveis.com.br\/index.php\/wp-json\/wp\/v2\/product"}],"about":[{"href":"https:\/\/hokmaimoveis.com.br\/index.php\/wp-json\/wp\/v2\/types\/product"}],"version-history":[{"count":3,"href":"https:\/\/hokmaimoveis.com.br\/index.php\/wp-json\/wp\/v2\/product\/381\/revisions"}],"predecessor-version":[{"id":426,"href":"https:\/\/hokmaimoveis.com.br\/index.php\/wp-json\/wp\/v2\/product\/381\/revisions\/426"}],"wp:featuredmedia":[{"embeddable":true,"href":"https:\/\/hokmaimoveis.com.br\/index.php\/wp-json\/wp\/v2\/media\/384"}],"wp:attachment":[{"href":"https:\/\/hokmaimoveis.com.br\/index.php\/wp-json\/wp\/v2\/media?parent=381"}],"wp:term":[{"taxonomy":"product_cat","embeddable":true,"href":"https:\/\/hokmaimoveis.com.br\/index.php\/wp-json\/wp\/v2\/product_cat?post=381"},{"taxonomy":"product_tag","embeddable":true,"href":"https:\/\/hokmaimoveis.com.br\/index.php\/wp-json\/wp\/v2\/product_tag?post=381"}],"curies":[{"name":"wp","href":"https:\/\/api.w.org\/{rel}","templated":true}]}}