{"id":195,"date":"2023-09-19T17:06:01","date_gmt":"2023-09-19T20:06:01","guid":{"rendered":"https:\/\/hokmaimoveis.com.br\/?post_type=product&#038;p=195"},"modified":"2025-06-23T22:43:48","modified_gmt":"2025-06-24T01:43:48","slug":"casa-com-3-quartos-colonia-santo-antonio-colonia-santo-antonio","status":"publish","type":"product","link":"https:\/\/hokmaimoveis.com.br\/index.php\/produto\/casa-com-3-quartos-colonia-santo-antonio-colonia-santo-antonio\/","title":{"rendered":"Casa com 3 Quartos Col\u00f4nia Santo Ant\u00f4nio | Colonia Santo Antonio"},"content":{"rendered":"<p>Excelente oportunidade de venda de casa no Bairro Col\u00f4nia Santo Ant\u00f4nio, com terreno medindo: 20 x 25 = 500 m2 e 150,73 de \u00e1rea constru\u00edda com sala de estar jantar, cozinha, \u00e1rea de servi\u00e7o, banheiro social, 3 dormit\u00f3rios sendo 1 suite, piso em cer\u00e2mica, forro de gesso, murado, quintal, garagem para 9 carros, de esquina.<\/p>\n","protected":false},"excerpt":{"rendered":"<p>Casa com 3 Quartos Col\u00f4nia Santo Ant\u00f4nio<\/p>\n","protected":false},"featured_media":196,"template":"","meta":[],"product_cat":[20,19],"product_tag":[],"yoast_head":"<!-- This site is optimized with the Yoast SEO plugin v22.6 - https:\/\/yoast.com\/wordpress\/plugins\/seo\/ -->\n<title>Casa com 3 Quartos Col\u00f4nia Santo Ant\u00f4nio | Colonia Santo Antonio - Hokma Imoveis<\/title>\n<meta name=\"robots\" content=\"index, follow, max-snippet:-1, max-image-preview:large, max-video-preview:-1\" \/>\n<link rel=\"canonical\" href=\"https:\/\/hokmaimoveis.com.br\/index.php\/produto\/casa-com-3-quartos-colonia-santo-antonio-colonia-santo-antonio\/\" \/>\n<meta property=\"og:locale\" content=\"pt_BR\" \/>\n<meta property=\"og:type\" content=\"article\" \/>\n<meta property=\"og:title\" content=\"Casa com 3 Quartos Col\u00f4nia Santo Ant\u00f4nio | Colonia Santo Antonio - Hokma Imoveis\" \/>\n<meta property=\"og:description\" content=\"Casa com 3 Quartos Col\u00f4nia Santo Ant\u00f4nio\" \/>\n<meta property=\"og:url\" content=\"https:\/\/hokmaimoveis.com.br\/index.php\/produto\/casa-com-3-quartos-colonia-santo-antonio-colonia-santo-antonio\/\" \/>\n<meta property=\"og:site_name\" content=\"Hokma Imoveis\" \/>\n<meta property=\"article:publisher\" content=\"https:\/\/www.facebook.com\/hokmaimoveis\" \/>\n<meta property=\"article:modified_time\" content=\"2025-06-24T01:43:48+00:00\" \/>\n<meta property=\"og:image\" content=\"https:\/\/hokmaimoveis.com.br\/wp-content\/uploads\/2023\/09\/01-2-scaled.jpg\" \/>\n\t<meta property=\"og:image:width\" content=\"2560\" \/>\n\t<meta property=\"og:image:height\" content=\"1920\" \/>\n\t<meta property=\"og:image:type\" content=\"image\/jpeg\" \/>\n<meta name=\"twitter:card\" content=\"summary_large_image\" \/>\n<script type=\"application\/ld+json\" class=\"yoast-schema-graph\">{\"@context\":\"https:\/\/schema.org\",\"@graph\":[{\"@type\":\"WebPage\",\"@id\":\"https:\/\/hokmaimoveis.com.br\/index.php\/produto\/casa-com-3-quartos-colonia-santo-antonio-colonia-santo-antonio\/\",\"url\":\"https:\/\/hokmaimoveis.com.br\/index.php\/produto\/casa-com-3-quartos-colonia-santo-antonio-colonia-santo-antonio\/\",\"name\":\"Casa com 3 Quartos Col\u00f4nia Santo Ant\u00f4nio | Colonia Santo Antonio - Hokma Imoveis\",\"isPartOf\":{\"@id\":\"https:\/\/hokmaimoveis.com.br\/#website\"},\"primaryImageOfPage\":{\"@id\":\"https:\/\/hokmaimoveis.com.br\/index.php\/produto\/casa-com-3-quartos-colonia-santo-antonio-colonia-santo-antonio\/#primaryimage\"},\"image\":{\"@id\":\"https:\/\/hokmaimoveis.com.br\/index.php\/produto\/casa-com-3-quartos-colonia-santo-antonio-colonia-santo-antonio\/#primaryimage\"},\"thumbnailUrl\":\"https:\/\/hokmaimoveis.com.br\/wp-content\/uploads\/2023\/09\/01-2-scaled.jpg\",\"datePublished\":\"2023-09-19T20:06:01+00:00\",\"dateModified\":\"2025-06-24T01:43:48+00:00\",\"breadcrumb\":{\"@id\":\"https:\/\/hokmaimoveis.com.br\/index.php\/produto\/casa-com-3-quartos-colonia-santo-antonio-colonia-santo-antonio\/#breadcrumb\"},\"inLanguage\":\"pt-BR\",\"potentialAction\":[{\"@type\":\"ReadAction\",\"target\":[\"https:\/\/hokmaimoveis.com.br\/index.php\/produto\/casa-com-3-quartos-colonia-santo-antonio-colonia-santo-antonio\/\"]}]},{\"@type\":\"ImageObject\",\"inLanguage\":\"pt-BR\",\"@id\":\"https:\/\/hokmaimoveis.com.br\/index.php\/produto\/casa-com-3-quartos-colonia-santo-antonio-colonia-santo-antonio\/#primaryimage\",\"url\":\"https:\/\/hokmaimoveis.com.br\/wp-content\/uploads\/2023\/09\/01-2-scaled.jpg\",\"contentUrl\":\"https:\/\/hokmaimoveis.com.br\/wp-content\/uploads\/2023\/09\/01-2-scaled.jpg\",\"width\":2560,\"height\":1920},{\"@type\":\"BreadcrumbList\",\"@id\":\"https:\/\/hokmaimoveis.com.br\/index.php\/produto\/casa-com-3-quartos-colonia-santo-antonio-colonia-santo-antonio\/#breadcrumb\",\"itemListElement\":[{\"@type\":\"ListItem\",\"position\":1,\"name\":\"In\u00edcio\",\"item\":\"https:\/\/hokmaimoveis.com.br\/\"},{\"@type\":\"ListItem\",\"position\":2,\"name\":\"Casa com 3 Quartos Col\u00f4nia Santo Ant\u00f4nio | Colonia Santo Antonio\"}]},{\"@type\":\"WebSite\",\"@id\":\"https:\/\/hokmaimoveis.com.br\/#website\",\"url\":\"https:\/\/hokmaimoveis.com.br\/\",\"name\":\"Hokma Imoveis\",\"description\":\"\",\"publisher\":{\"@id\":\"https:\/\/hokmaimoveis.com.br\/#organization\"},\"potentialAction\":[{\"@type\":\"SearchAction\",\"target\":{\"@type\":\"EntryPoint\",\"urlTemplate\":\"https:\/\/hokmaimoveis.com.br\/?s={search_term_string}\"},\"query-input\":\"required name=search_term_string\"}],\"inLanguage\":\"pt-BR\"},{\"@type\":\"Organization\",\"@id\":\"https:\/\/hokmaimoveis.com.br\/#organization\",\"name\":\"Hokma Imoveis\",\"url\":\"https:\/\/hokmaimoveis.com.br\/\",\"logo\":{\"@type\":\"ImageObject\",\"inLanguage\":\"pt-BR\",\"@id\":\"https:\/\/hokmaimoveis.com.br\/#\/schema\/logo\/image\/\",\"url\":\"https:\/\/hokmaimoveis.com.br\/wp-content\/uploads\/2023\/08\/cropped-logomarca.jpg\",\"contentUrl\":\"https:\/\/hokmaimoveis.com.br\/wp-content\/uploads\/2023\/08\/cropped-logomarca.jpg\",\"width\":555,\"height\":407,\"caption\":\"Hokma Imoveis\"},\"image\":{\"@id\":\"https:\/\/hokmaimoveis.com.br\/#\/schema\/logo\/image\/\"},\"sameAs\":[\"https:\/\/www.facebook.com\/hokmaimoveis\",\"https:\/\/www.instagram.com\/hokmaimoveis\/\",\"https:\/\/www.linkedin.com\/in\/elias-fernando-73724962\/\"]}]}<\/script>\n<!-- \/ Yoast SEO plugin. -->","yoast_head_json":{"title":"Casa com 3 Quartos Col\u00f4nia Santo Ant\u00f4nio | Colonia Santo Antonio - Hokma Imoveis","robots":{"index":"index","follow":"follow","max-snippet":"max-snippet:-1","max-image-preview":"max-image-preview:large","max-video-preview":"max-video-preview:-1"},"canonical":"https:\/\/hokmaimoveis.com.br\/index.php\/produto\/casa-com-3-quartos-colonia-santo-antonio-colonia-santo-antonio\/","og_locale":"pt_BR","og_type":"article","og_title":"Casa com 3 Quartos Col\u00f4nia Santo Ant\u00f4nio | Colonia Santo Antonio - Hokma Imoveis","og_description":"Casa com 3 Quartos Col\u00f4nia Santo Ant\u00f4nio","og_url":"https:\/\/hokmaimoveis.com.br\/index.php\/produto\/casa-com-3-quartos-colonia-santo-antonio-colonia-santo-antonio\/","og_site_name":"Hokma Imoveis","article_publisher":"https:\/\/www.facebook.com\/hokmaimoveis","article_modified_time":"2025-06-24T01:43:48+00:00","og_image":[{"width":2560,"height":1920,"url":"https:\/\/hokmaimoveis.com.br\/wp-content\/uploads\/2023\/09\/01-2-scaled.jpg","type":"image\/jpeg"}],"twitter_card":"summary_large_image","schema":{"@context":"https:\/\/schema.org","@graph":[{"@type":"WebPage","@id":"https:\/\/hokmaimoveis.com.br\/index.php\/produto\/casa-com-3-quartos-colonia-santo-antonio-colonia-santo-antonio\/","url":"https:\/\/hokmaimoveis.com.br\/index.php\/produto\/casa-com-3-quartos-colonia-santo-antonio-colonia-santo-antonio\/","name":"Casa com 3 Quartos Col\u00f4nia Santo Ant\u00f4nio | Colonia Santo Antonio - Hokma Imoveis","isPartOf":{"@id":"https:\/\/hokmaimoveis.com.br\/#website"},"primaryImageOfPage":{"@id":"https:\/\/hokmaimoveis.com.br\/index.php\/produto\/casa-com-3-quartos-colonia-santo-antonio-colonia-santo-antonio\/#primaryimage"},"image":{"@id":"https:\/\/hokmaimoveis.com.br\/index.php\/produto\/casa-com-3-quartos-colonia-santo-antonio-colonia-santo-antonio\/#primaryimage"},"thumbnailUrl":"https:\/\/hokmaimoveis.com.br\/wp-content\/uploads\/2023\/09\/01-2-scaled.jpg","datePublished":"2023-09-19T20:06:01+00:00","dateModified":"2025-06-24T01:43:48+00:00","breadcrumb":{"@id":"https:\/\/hokmaimoveis.com.br\/index.php\/produto\/casa-com-3-quartos-colonia-santo-antonio-colonia-santo-antonio\/#breadcrumb"},"inLanguage":"pt-BR","potentialAction":[{"@type":"ReadAction","target":["https:\/\/hokmaimoveis.com.br\/index.php\/produto\/casa-com-3-quartos-colonia-santo-antonio-colonia-santo-antonio\/"]}]},{"@type":"ImageObject","inLanguage":"pt-BR","@id":"https:\/\/hokmaimoveis.com.br\/index.php\/produto\/casa-com-3-quartos-colonia-santo-antonio-colonia-santo-antonio\/#primaryimage","url":"https:\/\/hokmaimoveis.com.br\/wp-content\/uploads\/2023\/09\/01-2-scaled.jpg","contentUrl":"https:\/\/hokmaimoveis.com.br\/wp-content\/uploads\/2023\/09\/01-2-scaled.jpg","width":2560,"height":1920},{"@type":"BreadcrumbList","@id":"https:\/\/hokmaimoveis.com.br\/index.php\/produto\/casa-com-3-quartos-colonia-santo-antonio-colonia-santo-antonio\/#breadcrumb","itemListElement":[{"@type":"ListItem","position":1,"name":"In\u00edcio","item":"https:\/\/hokmaimoveis.com.br\/"},{"@type":"ListItem","position":2,"name":"Casa com 3 Quartos Col\u00f4nia Santo Ant\u00f4nio | Colonia Santo Antonio"}]},{"@type":"WebSite","@id":"https:\/\/hokmaimoveis.com.br\/#website","url":"https:\/\/hokmaimoveis.com.br\/","name":"Hokma Imoveis","description":"","publisher":{"@id":"https:\/\/hokmaimoveis.com.br\/#organization"},"potentialAction":[{"@type":"SearchAction","target":{"@type":"EntryPoint","urlTemplate":"https:\/\/hokmaimoveis.com.br\/?s={search_term_string}"},"query-input":"required name=search_term_string"}],"inLanguage":"pt-BR"},{"@type":"Organization","@id":"https:\/\/hokmaimoveis.com.br\/#organization","name":"Hokma Imoveis","url":"https:\/\/hokmaimoveis.com.br\/","logo":{"@type":"ImageObject","inLanguage":"pt-BR","@id":"https:\/\/hokmaimoveis.com.br\/#\/schema\/logo\/image\/","url":"https:\/\/hokmaimoveis.com.br\/wp-content\/uploads\/2023\/08\/cropped-logomarca.jpg","contentUrl":"https:\/\/hokmaimoveis.com.br\/wp-content\/uploads\/2023\/08\/cropped-logomarca.jpg","width":555,"height":407,"caption":"Hokma Imoveis"},"image":{"@id":"https:\/\/hokmaimoveis.com.br\/#\/schema\/logo\/image\/"},"sameAs":["https:\/\/www.facebook.com\/hokmaimoveis","https:\/\/www.instagram.com\/hokmaimoveis\/","https:\/\/www.linkedin.com\/in\/elias-fernando-73724962\/"]}]}},"_links":{"self":[{"href":"https:\/\/hokmaimoveis.com.br\/index.php\/wp-json\/wp\/v2\/product\/195"}],"collection":[{"href":"https:\/\/hokmaimoveis.com.br\/index.php\/wp-json\/wp\/v2\/product"}],"about":[{"href":"https:\/\/hokmaimoveis.com.br\/index.php\/wp-json\/wp\/v2\/types\/product"}],"version-history":[{"count":1,"href":"https:\/\/hokmaimoveis.com.br\/index.php\/wp-json\/wp\/v2\/product\/195\/revisions"}],"predecessor-version":[{"id":211,"href":"https:\/\/hokmaimoveis.com.br\/index.php\/wp-json\/wp\/v2\/product\/195\/revisions\/211"}],"wp:featuredmedia":[{"embeddable":true,"href":"https:\/\/hokmaimoveis.com.br\/index.php\/wp-json\/wp\/v2\/media\/196"}],"wp:attachment":[{"href":"https:\/\/hokmaimoveis.com.br\/index.php\/wp-json\/wp\/v2\/media?parent=195"}],"wp:term":[{"taxonomy":"product_cat","embeddable":true,"href":"https:\/\/hokmaimoveis.com.br\/index.php\/wp-json\/wp\/v2\/product_cat?post=195"},{"taxonomy":"product_tag","embeddable":true,"href":"https:\/\/hokmaimoveis.com.br\/index.php\/wp-json\/wp\/v2\/product_tag?post=195"}],"curies":[{"name":"wp","href":"https:\/\/api.w.org\/{rel}","templated":true}]}}