{"id":1423,"date":"2025-10-02T10:13:20","date_gmt":"2025-10-02T13:13:20","guid":{"rendered":"https:\/\/hokmaimoveis.com.br\/?post_type=product&#038;p=1423"},"modified":"2025-10-02T10:16:07","modified_gmt":"2025-10-02T13:16:07","slug":"apartamento-no-residencial-vida-nova","status":"publish","type":"product","link":"https:\/\/hokmaimoveis.com.br\/index.php\/produto\/apartamento-no-residencial-vida-nova\/","title":{"rendered":"Apartamento no Residencial Vida Nova"},"content":{"rendered":"<p>Excelente oportunidade de loca\u00e7\u00e3o de apartamento no residencial vida nova com sala de estar jantar,cozinha,\u00e1rea de servi\u00e7o,banheiro social,dois dormit\u00f3rios, um com ar split, uma vaga de garagem, \u00e1rea de lazer com piscina,churrasqueira,quadra poli esportiva,play groud, sal\u00e3o de festas, valor j\u00e1 incluso o condom\u00ednio e \u00e1gua.<\/p>\n","protected":false},"excerpt":{"rendered":"<p>Excelente oportunidade de loca\u00e7\u00e3o de apartamento no residencial vida nova com sala de estar jantar,cozinha,\u00e1rea de servi\u00e7o,banheiro social,dois dormit\u00f3rios, um com ar split, uma vaga de garagem, \u00e1rea de lazer com piscina,churrasqueira,quadra poli esportiva,play groud, sal\u00e3o de festas, valor j\u00e1 incluso o condom\u00ednio e \u00e1gua.<\/p>\n","protected":false},"featured_media":1424,"template":"","meta":[],"product_cat":[21,19],"product_tag":[],"yoast_head":"<!-- This site is optimized with the Yoast SEO plugin v22.6 - https:\/\/yoast.com\/wordpress\/plugins\/seo\/ -->\n<title>Apartamento no Residencial Vida Nova - Hokma Imoveis<\/title>\n<meta name=\"robots\" content=\"index, follow, max-snippet:-1, max-image-preview:large, max-video-preview:-1\" \/>\n<link rel=\"canonical\" href=\"https:\/\/hokmaimoveis.com.br\/index.php\/produto\/apartamento-no-residencial-vida-nova\/\" \/>\n<meta property=\"og:locale\" content=\"pt_BR\" \/>\n<meta property=\"og:type\" content=\"article\" \/>\n<meta property=\"og:title\" content=\"Apartamento no Residencial Vida Nova - Hokma Imoveis\" \/>\n<meta property=\"og:description\" content=\"Excelente oportunidade de loca\u00e7\u00e3o de apartamento no residencial vida nova com sala de estar jantar,cozinha,\u00e1rea de servi\u00e7o,banheiro social,dois dormit\u00f3rios, um com ar split, uma vaga de garagem, \u00e1rea de lazer com piscina,churrasqueira,quadra poli esportiva,play groud, sal\u00e3o de festas, valor j\u00e1 incluso o condom\u00ednio e \u00e1gua.\" \/>\n<meta property=\"og:url\" content=\"https:\/\/hokmaimoveis.com.br\/index.php\/produto\/apartamento-no-residencial-vida-nova\/\" \/>\n<meta property=\"og:site_name\" content=\"Hokma Imoveis\" \/>\n<meta property=\"article:publisher\" content=\"https:\/\/www.facebook.com\/hokmaimoveis\" \/>\n<meta property=\"article:modified_time\" content=\"2025-10-02T13:16:07+00:00\" \/>\n<meta property=\"og:image\" content=\"https:\/\/hokmaimoveis.com.br\/wp-content\/uploads\/2025\/10\/01-scaled.jpg\" \/>\n\t<meta property=\"og:image:width\" content=\"1920\" \/>\n\t<meta property=\"og:image:height\" content=\"2560\" \/>\n\t<meta property=\"og:image:type\" content=\"image\/jpeg\" \/>\n<meta name=\"twitter:card\" content=\"summary_large_image\" \/>\n<meta name=\"twitter:label1\" content=\"Est. tempo de leitura\" \/>\n\t<meta name=\"twitter:data1\" content=\"1 minuto\" \/>\n<script type=\"application\/ld+json\" class=\"yoast-schema-graph\">{\"@context\":\"https:\/\/schema.org\",\"@graph\":[{\"@type\":\"WebPage\",\"@id\":\"https:\/\/hokmaimoveis.com.br\/index.php\/produto\/apartamento-no-residencial-vida-nova\/\",\"url\":\"https:\/\/hokmaimoveis.com.br\/index.php\/produto\/apartamento-no-residencial-vida-nova\/\",\"name\":\"Apartamento no Residencial Vida Nova - Hokma Imoveis\",\"isPartOf\":{\"@id\":\"https:\/\/hokmaimoveis.com.br\/#website\"},\"primaryImageOfPage\":{\"@id\":\"https:\/\/hokmaimoveis.com.br\/index.php\/produto\/apartamento-no-residencial-vida-nova\/#primaryimage\"},\"image\":{\"@id\":\"https:\/\/hokmaimoveis.com.br\/index.php\/produto\/apartamento-no-residencial-vida-nova\/#primaryimage\"},\"thumbnailUrl\":\"https:\/\/hokmaimoveis.com.br\/wp-content\/uploads\/2025\/10\/01-scaled.jpg\",\"datePublished\":\"2025-10-02T13:13:20+00:00\",\"dateModified\":\"2025-10-02T13:16:07+00:00\",\"breadcrumb\":{\"@id\":\"https:\/\/hokmaimoveis.com.br\/index.php\/produto\/apartamento-no-residencial-vida-nova\/#breadcrumb\"},\"inLanguage\":\"pt-BR\",\"potentialAction\":[{\"@type\":\"ReadAction\",\"target\":[\"https:\/\/hokmaimoveis.com.br\/index.php\/produto\/apartamento-no-residencial-vida-nova\/\"]}]},{\"@type\":\"ImageObject\",\"inLanguage\":\"pt-BR\",\"@id\":\"https:\/\/hokmaimoveis.com.br\/index.php\/produto\/apartamento-no-residencial-vida-nova\/#primaryimage\",\"url\":\"https:\/\/hokmaimoveis.com.br\/wp-content\/uploads\/2025\/10\/01-scaled.jpg\",\"contentUrl\":\"https:\/\/hokmaimoveis.com.br\/wp-content\/uploads\/2025\/10\/01-scaled.jpg\",\"width\":1920,\"height\":2560},{\"@type\":\"BreadcrumbList\",\"@id\":\"https:\/\/hokmaimoveis.com.br\/index.php\/produto\/apartamento-no-residencial-vida-nova\/#breadcrumb\",\"itemListElement\":[{\"@type\":\"ListItem\",\"position\":1,\"name\":\"In\u00edcio\",\"item\":\"https:\/\/hokmaimoveis.com.br\/\"},{\"@type\":\"ListItem\",\"position\":2,\"name\":\"Apartamento no Residencial Vida Nova\"}]},{\"@type\":\"WebSite\",\"@id\":\"https:\/\/hokmaimoveis.com.br\/#website\",\"url\":\"https:\/\/hokmaimoveis.com.br\/\",\"name\":\"Hokma Imoveis\",\"description\":\"\",\"publisher\":{\"@id\":\"https:\/\/hokmaimoveis.com.br\/#organization\"},\"potentialAction\":[{\"@type\":\"SearchAction\",\"target\":{\"@type\":\"EntryPoint\",\"urlTemplate\":\"https:\/\/hokmaimoveis.com.br\/?s={search_term_string}\"},\"query-input\":\"required name=search_term_string\"}],\"inLanguage\":\"pt-BR\"},{\"@type\":\"Organization\",\"@id\":\"https:\/\/hokmaimoveis.com.br\/#organization\",\"name\":\"Hokma Imoveis\",\"url\":\"https:\/\/hokmaimoveis.com.br\/\",\"logo\":{\"@type\":\"ImageObject\",\"inLanguage\":\"pt-BR\",\"@id\":\"https:\/\/hokmaimoveis.com.br\/#\/schema\/logo\/image\/\",\"url\":\"https:\/\/hokmaimoveis.com.br\/wp-content\/uploads\/2023\/08\/cropped-logomarca.jpg\",\"contentUrl\":\"https:\/\/hokmaimoveis.com.br\/wp-content\/uploads\/2023\/08\/cropped-logomarca.jpg\",\"width\":555,\"height\":407,\"caption\":\"Hokma Imoveis\"},\"image\":{\"@id\":\"https:\/\/hokmaimoveis.com.br\/#\/schema\/logo\/image\/\"},\"sameAs\":[\"https:\/\/www.facebook.com\/hokmaimoveis\",\"https:\/\/www.instagram.com\/hokmaimoveis\/\",\"https:\/\/www.linkedin.com\/in\/elias-fernando-73724962\/\"]}]}<\/script>\n<!-- \/ Yoast SEO plugin. -->","yoast_head_json":{"title":"Apartamento no Residencial Vida Nova - Hokma Imoveis","robots":{"index":"index","follow":"follow","max-snippet":"max-snippet:-1","max-image-preview":"max-image-preview:large","max-video-preview":"max-video-preview:-1"},"canonical":"https:\/\/hokmaimoveis.com.br\/index.php\/produto\/apartamento-no-residencial-vida-nova\/","og_locale":"pt_BR","og_type":"article","og_title":"Apartamento no Residencial Vida Nova - Hokma Imoveis","og_description":"Excelente oportunidade de loca\u00e7\u00e3o de apartamento no residencial vida nova com sala de estar jantar,cozinha,\u00e1rea de servi\u00e7o,banheiro social,dois dormit\u00f3rios, um com ar split, uma vaga de garagem, \u00e1rea de lazer com piscina,churrasqueira,quadra poli esportiva,play groud, sal\u00e3o de festas, valor j\u00e1 incluso o condom\u00ednio e \u00e1gua.","og_url":"https:\/\/hokmaimoveis.com.br\/index.php\/produto\/apartamento-no-residencial-vida-nova\/","og_site_name":"Hokma Imoveis","article_publisher":"https:\/\/www.facebook.com\/hokmaimoveis","article_modified_time":"2025-10-02T13:16:07+00:00","og_image":[{"width":1920,"height":2560,"url":"https:\/\/hokmaimoveis.com.br\/wp-content\/uploads\/2025\/10\/01-scaled.jpg","type":"image\/jpeg"}],"twitter_card":"summary_large_image","twitter_misc":{"Est. tempo de leitura":"1 minuto"},"schema":{"@context":"https:\/\/schema.org","@graph":[{"@type":"WebPage","@id":"https:\/\/hokmaimoveis.com.br\/index.php\/produto\/apartamento-no-residencial-vida-nova\/","url":"https:\/\/hokmaimoveis.com.br\/index.php\/produto\/apartamento-no-residencial-vida-nova\/","name":"Apartamento no Residencial Vida Nova - Hokma Imoveis","isPartOf":{"@id":"https:\/\/hokmaimoveis.com.br\/#website"},"primaryImageOfPage":{"@id":"https:\/\/hokmaimoveis.com.br\/index.php\/produto\/apartamento-no-residencial-vida-nova\/#primaryimage"},"image":{"@id":"https:\/\/hokmaimoveis.com.br\/index.php\/produto\/apartamento-no-residencial-vida-nova\/#primaryimage"},"thumbnailUrl":"https:\/\/hokmaimoveis.com.br\/wp-content\/uploads\/2025\/10\/01-scaled.jpg","datePublished":"2025-10-02T13:13:20+00:00","dateModified":"2025-10-02T13:16:07+00:00","breadcrumb":{"@id":"https:\/\/hokmaimoveis.com.br\/index.php\/produto\/apartamento-no-residencial-vida-nova\/#breadcrumb"},"inLanguage":"pt-BR","potentialAction":[{"@type":"ReadAction","target":["https:\/\/hokmaimoveis.com.br\/index.php\/produto\/apartamento-no-residencial-vida-nova\/"]}]},{"@type":"ImageObject","inLanguage":"pt-BR","@id":"https:\/\/hokmaimoveis.com.br\/index.php\/produto\/apartamento-no-residencial-vida-nova\/#primaryimage","url":"https:\/\/hokmaimoveis.com.br\/wp-content\/uploads\/2025\/10\/01-scaled.jpg","contentUrl":"https:\/\/hokmaimoveis.com.br\/wp-content\/uploads\/2025\/10\/01-scaled.jpg","width":1920,"height":2560},{"@type":"BreadcrumbList","@id":"https:\/\/hokmaimoveis.com.br\/index.php\/produto\/apartamento-no-residencial-vida-nova\/#breadcrumb","itemListElement":[{"@type":"ListItem","position":1,"name":"In\u00edcio","item":"https:\/\/hokmaimoveis.com.br\/"},{"@type":"ListItem","position":2,"name":"Apartamento no Residencial Vida Nova"}]},{"@type":"WebSite","@id":"https:\/\/hokmaimoveis.com.br\/#website","url":"https:\/\/hokmaimoveis.com.br\/","name":"Hokma Imoveis","description":"","publisher":{"@id":"https:\/\/hokmaimoveis.com.br\/#organization"},"potentialAction":[{"@type":"SearchAction","target":{"@type":"EntryPoint","urlTemplate":"https:\/\/hokmaimoveis.com.br\/?s={search_term_string}"},"query-input":"required name=search_term_string"}],"inLanguage":"pt-BR"},{"@type":"Organization","@id":"https:\/\/hokmaimoveis.com.br\/#organization","name":"Hokma Imoveis","url":"https:\/\/hokmaimoveis.com.br\/","logo":{"@type":"ImageObject","inLanguage":"pt-BR","@id":"https:\/\/hokmaimoveis.com.br\/#\/schema\/logo\/image\/","url":"https:\/\/hokmaimoveis.com.br\/wp-content\/uploads\/2023\/08\/cropped-logomarca.jpg","contentUrl":"https:\/\/hokmaimoveis.com.br\/wp-content\/uploads\/2023\/08\/cropped-logomarca.jpg","width":555,"height":407,"caption":"Hokma Imoveis"},"image":{"@id":"https:\/\/hokmaimoveis.com.br\/#\/schema\/logo\/image\/"},"sameAs":["https:\/\/www.facebook.com\/hokmaimoveis","https:\/\/www.instagram.com\/hokmaimoveis\/","https:\/\/www.linkedin.com\/in\/elias-fernando-73724962\/"]}]}},"_links":{"self":[{"href":"https:\/\/hokmaimoveis.com.br\/index.php\/wp-json\/wp\/v2\/product\/1423"}],"collection":[{"href":"https:\/\/hokmaimoveis.com.br\/index.php\/wp-json\/wp\/v2\/product"}],"about":[{"href":"https:\/\/hokmaimoveis.com.br\/index.php\/wp-json\/wp\/v2\/types\/product"}],"version-history":[{"count":1,"href":"https:\/\/hokmaimoveis.com.br\/index.php\/wp-json\/wp\/v2\/product\/1423\/revisions"}],"predecessor-version":[{"id":1432,"href":"https:\/\/hokmaimoveis.com.br\/index.php\/wp-json\/wp\/v2\/product\/1423\/revisions\/1432"}],"wp:featuredmedia":[{"embeddable":true,"href":"https:\/\/hokmaimoveis.com.br\/index.php\/wp-json\/wp\/v2\/media\/1424"}],"wp:attachment":[{"href":"https:\/\/hokmaimoveis.com.br\/index.php\/wp-json\/wp\/v2\/media?parent=1423"}],"wp:term":[{"taxonomy":"product_cat","embeddable":true,"href":"https:\/\/hokmaimoveis.com.br\/index.php\/wp-json\/wp\/v2\/product_cat?post=1423"},{"taxonomy":"product_tag","embeddable":true,"href":"https:\/\/hokmaimoveis.com.br\/index.php\/wp-json\/wp\/v2\/product_tag?post=1423"}],"curies":[{"name":"wp","href":"https:\/\/api.w.org\/{rel}","templated":true}]}}