{"id":1233,"date":"2025-06-26T09:40:52","date_gmt":"2025-06-26T13:40:52","guid":{"rendered":"https:\/\/hokmaimoveis.com.br\/?post_type=product&#038;p=1233"},"modified":"2026-03-01T22:25:40","modified_gmt":"2026-03-02T02:25:40","slug":"casa-no-novo-aleixo","status":"publish","type":"product","link":"https:\/\/hokmaimoveis.com.br\/index.php\/produto\/casa-no-novo-aleixo\/","title":{"rendered":"Casa No Novo Aleixo"},"content":{"rendered":"<p>Excelente oportunidade de venda de casa no bairro novo Aleixo, com duas vagas de garagem cobertas, sala de estar jantar, cozinha, \u00e1rea de servi\u00e7o, banheiro social, dois dormit\u00f3rios, murado, port\u00e3o de ferro na entrada de correr, piso na cer\u00e2mica. quintal, pr\u00f3ximo a rua principal.<\/p>\n","protected":false},"excerpt":{"rendered":"<p>Excelente oportunidade de venda de casa no bairro novo Aleixo, com duas vagas de garagem cobertas, sala de estar jantar, cozinha, \u00e1rea de servi\u00e7o, banheiro social, dois dormit\u00f3rios, murado, port\u00e3o de ferro na entrada de correr, piso na cer\u00e2mica. quintal, pr\u00f3ximo a rua principal.<\/p>\n","protected":false},"featured_media":1218,"template":"","meta":[],"product_cat":[20,19],"product_tag":[44],"yoast_head":"<!-- This site is optimized with the Yoast SEO plugin v22.6 - https:\/\/yoast.com\/wordpress\/plugins\/seo\/ -->\n<title>Casa No Novo Aleixo - Hokma Imoveis<\/title>\n<meta name=\"robots\" content=\"index, follow, max-snippet:-1, max-image-preview:large, max-video-preview:-1\" \/>\n<link rel=\"canonical\" href=\"https:\/\/hokmaimoveis.com.br\/index.php\/produto\/casa-no-novo-aleixo\/\" \/>\n<meta property=\"og:locale\" content=\"pt_BR\" \/>\n<meta property=\"og:type\" content=\"article\" \/>\n<meta property=\"og:title\" content=\"Casa No Novo Aleixo - Hokma Imoveis\" \/>\n<meta property=\"og:description\" content=\"Excelente oportunidade de venda de casa no bairro novo Aleixo, com duas vagas de garagem cobertas, sala de estar jantar, cozinha, \u00e1rea de servi\u00e7o, banheiro social, dois dormit\u00f3rios, murado, port\u00e3o de ferro na entrada de correr, piso na cer\u00e2mica. quintal, pr\u00f3ximo a rua principal.\" \/>\n<meta property=\"og:url\" content=\"https:\/\/hokmaimoveis.com.br\/index.php\/produto\/casa-no-novo-aleixo\/\" \/>\n<meta property=\"og:site_name\" content=\"Hokma Imoveis\" \/>\n<meta property=\"article:publisher\" content=\"https:\/\/www.facebook.com\/hokmaimoveis\" \/>\n<meta property=\"article:modified_time\" content=\"2026-03-02T02:25:40+00:00\" \/>\n<meta property=\"og:image\" content=\"https:\/\/hokmaimoveis.com.br\/wp-content\/uploads\/2025\/06\/01-2-scaled.jpg\" \/>\n\t<meta property=\"og:image:width\" content=\"2560\" \/>\n\t<meta property=\"og:image:height\" content=\"1928\" \/>\n\t<meta property=\"og:image:type\" content=\"image\/jpeg\" \/>\n<meta name=\"twitter:card\" content=\"summary_large_image\" \/>\n<meta name=\"twitter:label1\" content=\"Est. tempo de leitura\" \/>\n\t<meta name=\"twitter:data1\" content=\"1 minuto\" \/>\n<script type=\"application\/ld+json\" class=\"yoast-schema-graph\">{\"@context\":\"https:\/\/schema.org\",\"@graph\":[{\"@type\":\"WebPage\",\"@id\":\"https:\/\/hokmaimoveis.com.br\/index.php\/produto\/casa-no-novo-aleixo\/\",\"url\":\"https:\/\/hokmaimoveis.com.br\/index.php\/produto\/casa-no-novo-aleixo\/\",\"name\":\"Casa No Novo Aleixo - Hokma Imoveis\",\"isPartOf\":{\"@id\":\"https:\/\/hokmaimoveis.com.br\/#website\"},\"primaryImageOfPage\":{\"@id\":\"https:\/\/hokmaimoveis.com.br\/index.php\/produto\/casa-no-novo-aleixo\/#primaryimage\"},\"image\":{\"@id\":\"https:\/\/hokmaimoveis.com.br\/index.php\/produto\/casa-no-novo-aleixo\/#primaryimage\"},\"thumbnailUrl\":\"https:\/\/hokmaimoveis.com.br\/wp-content\/uploads\/2025\/06\/01-2-scaled.jpg\",\"datePublished\":\"2025-06-26T13:40:52+00:00\",\"dateModified\":\"2026-03-02T02:25:40+00:00\",\"breadcrumb\":{\"@id\":\"https:\/\/hokmaimoveis.com.br\/index.php\/produto\/casa-no-novo-aleixo\/#breadcrumb\"},\"inLanguage\":\"pt-BR\",\"potentialAction\":[{\"@type\":\"ReadAction\",\"target\":[\"https:\/\/hokmaimoveis.com.br\/index.php\/produto\/casa-no-novo-aleixo\/\"]}]},{\"@type\":\"ImageObject\",\"inLanguage\":\"pt-BR\",\"@id\":\"https:\/\/hokmaimoveis.com.br\/index.php\/produto\/casa-no-novo-aleixo\/#primaryimage\",\"url\":\"https:\/\/hokmaimoveis.com.br\/wp-content\/uploads\/2025\/06\/01-2-scaled.jpg\",\"contentUrl\":\"https:\/\/hokmaimoveis.com.br\/wp-content\/uploads\/2025\/06\/01-2-scaled.jpg\",\"width\":2560,\"height\":1928,\"caption\":\"hdr\"},{\"@type\":\"BreadcrumbList\",\"@id\":\"https:\/\/hokmaimoveis.com.br\/index.php\/produto\/casa-no-novo-aleixo\/#breadcrumb\",\"itemListElement\":[{\"@type\":\"ListItem\",\"position\":1,\"name\":\"In\u00edcio\",\"item\":\"https:\/\/hokmaimoveis.com.br\/\"},{\"@type\":\"ListItem\",\"position\":2,\"name\":\"Casa No Novo Aleixo\"}]},{\"@type\":\"WebSite\",\"@id\":\"https:\/\/hokmaimoveis.com.br\/#website\",\"url\":\"https:\/\/hokmaimoveis.com.br\/\",\"name\":\"Hokma Imoveis\",\"description\":\"\",\"publisher\":{\"@id\":\"https:\/\/hokmaimoveis.com.br\/#organization\"},\"potentialAction\":[{\"@type\":\"SearchAction\",\"target\":{\"@type\":\"EntryPoint\",\"urlTemplate\":\"https:\/\/hokmaimoveis.com.br\/?s={search_term_string}\"},\"query-input\":\"required name=search_term_string\"}],\"inLanguage\":\"pt-BR\"},{\"@type\":\"Organization\",\"@id\":\"https:\/\/hokmaimoveis.com.br\/#organization\",\"name\":\"Hokma Imoveis\",\"url\":\"https:\/\/hokmaimoveis.com.br\/\",\"logo\":{\"@type\":\"ImageObject\",\"inLanguage\":\"pt-BR\",\"@id\":\"https:\/\/hokmaimoveis.com.br\/#\/schema\/logo\/image\/\",\"url\":\"https:\/\/hokmaimoveis.com.br\/wp-content\/uploads\/2023\/08\/cropped-logomarca.jpg\",\"contentUrl\":\"https:\/\/hokmaimoveis.com.br\/wp-content\/uploads\/2023\/08\/cropped-logomarca.jpg\",\"width\":555,\"height\":407,\"caption\":\"Hokma Imoveis\"},\"image\":{\"@id\":\"https:\/\/hokmaimoveis.com.br\/#\/schema\/logo\/image\/\"},\"sameAs\":[\"https:\/\/www.facebook.com\/hokmaimoveis\",\"https:\/\/www.instagram.com\/hokmaimoveis\/\",\"https:\/\/www.linkedin.com\/in\/elias-fernando-73724962\/\"]}]}<\/script>\n<!-- \/ Yoast SEO plugin. -->","yoast_head_json":{"title":"Casa No Novo Aleixo - Hokma Imoveis","robots":{"index":"index","follow":"follow","max-snippet":"max-snippet:-1","max-image-preview":"max-image-preview:large","max-video-preview":"max-video-preview:-1"},"canonical":"https:\/\/hokmaimoveis.com.br\/index.php\/produto\/casa-no-novo-aleixo\/","og_locale":"pt_BR","og_type":"article","og_title":"Casa No Novo Aleixo - Hokma Imoveis","og_description":"Excelente oportunidade de venda de casa no bairro novo Aleixo, com duas vagas de garagem cobertas, sala de estar jantar, cozinha, \u00e1rea de servi\u00e7o, banheiro social, dois dormit\u00f3rios, murado, port\u00e3o de ferro na entrada de correr, piso na cer\u00e2mica. quintal, pr\u00f3ximo a rua principal.","og_url":"https:\/\/hokmaimoveis.com.br\/index.php\/produto\/casa-no-novo-aleixo\/","og_site_name":"Hokma Imoveis","article_publisher":"https:\/\/www.facebook.com\/hokmaimoveis","article_modified_time":"2026-03-02T02:25:40+00:00","og_image":[{"width":2560,"height":1928,"url":"https:\/\/hokmaimoveis.com.br\/wp-content\/uploads\/2025\/06\/01-2-scaled.jpg","type":"image\/jpeg"}],"twitter_card":"summary_large_image","twitter_misc":{"Est. tempo de leitura":"1 minuto"},"schema":{"@context":"https:\/\/schema.org","@graph":[{"@type":"WebPage","@id":"https:\/\/hokmaimoveis.com.br\/index.php\/produto\/casa-no-novo-aleixo\/","url":"https:\/\/hokmaimoveis.com.br\/index.php\/produto\/casa-no-novo-aleixo\/","name":"Casa No Novo Aleixo - Hokma Imoveis","isPartOf":{"@id":"https:\/\/hokmaimoveis.com.br\/#website"},"primaryImageOfPage":{"@id":"https:\/\/hokmaimoveis.com.br\/index.php\/produto\/casa-no-novo-aleixo\/#primaryimage"},"image":{"@id":"https:\/\/hokmaimoveis.com.br\/index.php\/produto\/casa-no-novo-aleixo\/#primaryimage"},"thumbnailUrl":"https:\/\/hokmaimoveis.com.br\/wp-content\/uploads\/2025\/06\/01-2-scaled.jpg","datePublished":"2025-06-26T13:40:52+00:00","dateModified":"2026-03-02T02:25:40+00:00","breadcrumb":{"@id":"https:\/\/hokmaimoveis.com.br\/index.php\/produto\/casa-no-novo-aleixo\/#breadcrumb"},"inLanguage":"pt-BR","potentialAction":[{"@type":"ReadAction","target":["https:\/\/hokmaimoveis.com.br\/index.php\/produto\/casa-no-novo-aleixo\/"]}]},{"@type":"ImageObject","inLanguage":"pt-BR","@id":"https:\/\/hokmaimoveis.com.br\/index.php\/produto\/casa-no-novo-aleixo\/#primaryimage","url":"https:\/\/hokmaimoveis.com.br\/wp-content\/uploads\/2025\/06\/01-2-scaled.jpg","contentUrl":"https:\/\/hokmaimoveis.com.br\/wp-content\/uploads\/2025\/06\/01-2-scaled.jpg","width":2560,"height":1928,"caption":"hdr"},{"@type":"BreadcrumbList","@id":"https:\/\/hokmaimoveis.com.br\/index.php\/produto\/casa-no-novo-aleixo\/#breadcrumb","itemListElement":[{"@type":"ListItem","position":1,"name":"In\u00edcio","item":"https:\/\/hokmaimoveis.com.br\/"},{"@type":"ListItem","position":2,"name":"Casa No Novo Aleixo"}]},{"@type":"WebSite","@id":"https:\/\/hokmaimoveis.com.br\/#website","url":"https:\/\/hokmaimoveis.com.br\/","name":"Hokma Imoveis","description":"","publisher":{"@id":"https:\/\/hokmaimoveis.com.br\/#organization"},"potentialAction":[{"@type":"SearchAction","target":{"@type":"EntryPoint","urlTemplate":"https:\/\/hokmaimoveis.com.br\/?s={search_term_string}"},"query-input":"required name=search_term_string"}],"inLanguage":"pt-BR"},{"@type":"Organization","@id":"https:\/\/hokmaimoveis.com.br\/#organization","name":"Hokma Imoveis","url":"https:\/\/hokmaimoveis.com.br\/","logo":{"@type":"ImageObject","inLanguage":"pt-BR","@id":"https:\/\/hokmaimoveis.com.br\/#\/schema\/logo\/image\/","url":"https:\/\/hokmaimoveis.com.br\/wp-content\/uploads\/2023\/08\/cropped-logomarca.jpg","contentUrl":"https:\/\/hokmaimoveis.com.br\/wp-content\/uploads\/2023\/08\/cropped-logomarca.jpg","width":555,"height":407,"caption":"Hokma Imoveis"},"image":{"@id":"https:\/\/hokmaimoveis.com.br\/#\/schema\/logo\/image\/"},"sameAs":["https:\/\/www.facebook.com\/hokmaimoveis","https:\/\/www.instagram.com\/hokmaimoveis\/","https:\/\/www.linkedin.com\/in\/elias-fernando-73724962\/"]}]}},"_links":{"self":[{"href":"https:\/\/hokmaimoveis.com.br\/index.php\/wp-json\/wp\/v2\/product\/1233"}],"collection":[{"href":"https:\/\/hokmaimoveis.com.br\/index.php\/wp-json\/wp\/v2\/product"}],"about":[{"href":"https:\/\/hokmaimoveis.com.br\/index.php\/wp-json\/wp\/v2\/types\/product"}],"version-history":[{"count":1,"href":"https:\/\/hokmaimoveis.com.br\/index.php\/wp-json\/wp\/v2\/product\/1233\/revisions"}],"predecessor-version":[{"id":1234,"href":"https:\/\/hokmaimoveis.com.br\/index.php\/wp-json\/wp\/v2\/product\/1233\/revisions\/1234"}],"wp:featuredmedia":[{"embeddable":true,"href":"https:\/\/hokmaimoveis.com.br\/index.php\/wp-json\/wp\/v2\/media\/1218"}],"wp:attachment":[{"href":"https:\/\/hokmaimoveis.com.br\/index.php\/wp-json\/wp\/v2\/media?parent=1233"}],"wp:term":[{"taxonomy":"product_cat","embeddable":true,"href":"https:\/\/hokmaimoveis.com.br\/index.php\/wp-json\/wp\/v2\/product_cat?post=1233"},{"taxonomy":"product_tag","embeddable":true,"href":"https:\/\/hokmaimoveis.com.br\/index.php\/wp-json\/wp\/v2\/product_tag?post=1233"}],"curies":[{"name":"wp","href":"https:\/\/api.w.org\/{rel}","templated":true}]}}