{"id":1007,"date":"2024-07-24T13:50:45","date_gmt":"2024-07-24T16:50:45","guid":{"rendered":"https:\/\/hokmaimoveis.com.br\/?post_type=product&#038;p=1007"},"modified":"2024-07-24T13:50:45","modified_gmt":"2024-07-24T16:50:45","slug":"casa-no-vieiralves-nsa-das-gracas","status":"publish","type":"product","link":"https:\/\/hokmaimoveis.com.br\/index.php\/produto\/casa-no-vieiralves-nsa-das-gracas\/","title":{"rendered":"Casa No Vieiralves Nsa das Gra\u00e7as"},"content":{"rendered":"<p>Excelente oportunidade de venda de casa no vieiralves, bairro, nsa. das gra\u00e7as, com terreno medindo: 15 x 25 = 375 m2 e 500 m2 de \u00e1rea constru\u00edda, casa com sala de estar jantar, dois dormit\u00f3rios sendo um suite, cozinha, \u00e1rea de servi\u00e7o, banheiro social, quintal,tr\u00eas vagas de garagens cobertas um ponto comercial ao lado da casa com um kit net em cima, outro kit net atras, de esquina.<\/p>\n","protected":false},"excerpt":{"rendered":"<p>Excelente oportunidade de venda de casa no vieiralves, bairro, nsa. das gra\u00e7as, com terreno medindo: 15 x 25 = 375 m2 e 500 m2 de \u00e1rea constru\u00edda, casa com sala de estar jantar, dois dormit\u00f3rios sendo um suite, cozinha, \u00e1rea de servi\u00e7o, banheiro social, quintal,tr\u00eas vagas de garagens cobertas um ponto comercial ao lado da [&hellip;]<\/p>\n","protected":false},"featured_media":1005,"template":"","meta":[],"product_cat":[20,19],"product_tag":[34],"yoast_head":"<!-- This site is optimized with the Yoast SEO plugin v22.6 - https:\/\/yoast.com\/wordpress\/plugins\/seo\/ -->\n<title>Casa No Vieiralves Nsa das Gra\u00e7as - Hokma Imoveis<\/title>\n<meta name=\"robots\" content=\"index, follow, max-snippet:-1, max-image-preview:large, max-video-preview:-1\" \/>\n<link rel=\"canonical\" href=\"https:\/\/hokmaimoveis.com.br\/index.php\/produto\/casa-no-vieiralves-nsa-das-gracas\/\" \/>\n<meta property=\"og:locale\" content=\"pt_BR\" \/>\n<meta property=\"og:type\" content=\"article\" \/>\n<meta property=\"og:title\" content=\"Casa No Vieiralves Nsa das Gra\u00e7as - Hokma Imoveis\" \/>\n<meta property=\"og:description\" content=\"Excelente oportunidade de venda de casa no vieiralves, bairro, nsa. das gra\u00e7as, com terreno medindo: 15 x 25 = 375 m2 e 500 m2 de \u00e1rea constru\u00edda, casa com sala de estar jantar, dois dormit\u00f3rios sendo um suite, cozinha, \u00e1rea de servi\u00e7o, banheiro social, quintal,tr\u00eas vagas de garagens cobertas um ponto comercial ao lado da [&hellip;]\" \/>\n<meta property=\"og:url\" content=\"https:\/\/hokmaimoveis.com.br\/index.php\/produto\/casa-no-vieiralves-nsa-das-gracas\/\" \/>\n<meta property=\"og:site_name\" content=\"Hokma Imoveis\" \/>\n<meta property=\"article:publisher\" content=\"https:\/\/www.facebook.com\/hokmaimoveis\" \/>\n<meta property=\"og:image\" content=\"https:\/\/hokmaimoveis.com.br\/wp-content\/uploads\/2024\/07\/02-5-scaled.jpg\" \/>\n\t<meta property=\"og:image:width\" content=\"2560\" \/>\n\t<meta property=\"og:image:height\" content=\"1920\" \/>\n\t<meta property=\"og:image:type\" content=\"image\/jpeg\" \/>\n<meta name=\"twitter:card\" content=\"summary_large_image\" \/>\n<meta name=\"twitter:label1\" content=\"Est. tempo de leitura\" \/>\n\t<meta name=\"twitter:data1\" content=\"1 minuto\" \/>\n<script type=\"application\/ld+json\" class=\"yoast-schema-graph\">{\"@context\":\"https:\/\/schema.org\",\"@graph\":[{\"@type\":\"WebPage\",\"@id\":\"https:\/\/hokmaimoveis.com.br\/index.php\/produto\/casa-no-vieiralves-nsa-das-gracas\/\",\"url\":\"https:\/\/hokmaimoveis.com.br\/index.php\/produto\/casa-no-vieiralves-nsa-das-gracas\/\",\"name\":\"Casa No Vieiralves Nsa das Gra\u00e7as - Hokma Imoveis\",\"isPartOf\":{\"@id\":\"https:\/\/hokmaimoveis.com.br\/#website\"},\"primaryImageOfPage\":{\"@id\":\"https:\/\/hokmaimoveis.com.br\/index.php\/produto\/casa-no-vieiralves-nsa-das-gracas\/#primaryimage\"},\"image\":{\"@id\":\"https:\/\/hokmaimoveis.com.br\/index.php\/produto\/casa-no-vieiralves-nsa-das-gracas\/#primaryimage\"},\"thumbnailUrl\":\"https:\/\/hokmaimoveis.com.br\/wp-content\/uploads\/2024\/07\/02-5-scaled.jpg\",\"datePublished\":\"2024-07-24T16:50:45+00:00\",\"dateModified\":\"2024-07-24T16:50:45+00:00\",\"breadcrumb\":{\"@id\":\"https:\/\/hokmaimoveis.com.br\/index.php\/produto\/casa-no-vieiralves-nsa-das-gracas\/#breadcrumb\"},\"inLanguage\":\"pt-BR\",\"potentialAction\":[{\"@type\":\"ReadAction\",\"target\":[\"https:\/\/hokmaimoveis.com.br\/index.php\/produto\/casa-no-vieiralves-nsa-das-gracas\/\"]}]},{\"@type\":\"ImageObject\",\"inLanguage\":\"pt-BR\",\"@id\":\"https:\/\/hokmaimoveis.com.br\/index.php\/produto\/casa-no-vieiralves-nsa-das-gracas\/#primaryimage\",\"url\":\"https:\/\/hokmaimoveis.com.br\/wp-content\/uploads\/2024\/07\/02-5-scaled.jpg\",\"contentUrl\":\"https:\/\/hokmaimoveis.com.br\/wp-content\/uploads\/2024\/07\/02-5-scaled.jpg\",\"width\":2560,\"height\":1920},{\"@type\":\"BreadcrumbList\",\"@id\":\"https:\/\/hokmaimoveis.com.br\/index.php\/produto\/casa-no-vieiralves-nsa-das-gracas\/#breadcrumb\",\"itemListElement\":[{\"@type\":\"ListItem\",\"position\":1,\"name\":\"In\u00edcio\",\"item\":\"https:\/\/hokmaimoveis.com.br\/\"},{\"@type\":\"ListItem\",\"position\":2,\"name\":\"Casa No Vieiralves Nsa das Gra\u00e7as\"}]},{\"@type\":\"WebSite\",\"@id\":\"https:\/\/hokmaimoveis.com.br\/#website\",\"url\":\"https:\/\/hokmaimoveis.com.br\/\",\"name\":\"Hokma Imoveis\",\"description\":\"\",\"publisher\":{\"@id\":\"https:\/\/hokmaimoveis.com.br\/#organization\"},\"potentialAction\":[{\"@type\":\"SearchAction\",\"target\":{\"@type\":\"EntryPoint\",\"urlTemplate\":\"https:\/\/hokmaimoveis.com.br\/?s={search_term_string}\"},\"query-input\":\"required name=search_term_string\"}],\"inLanguage\":\"pt-BR\"},{\"@type\":\"Organization\",\"@id\":\"https:\/\/hokmaimoveis.com.br\/#organization\",\"name\":\"Hokma Imoveis\",\"url\":\"https:\/\/hokmaimoveis.com.br\/\",\"logo\":{\"@type\":\"ImageObject\",\"inLanguage\":\"pt-BR\",\"@id\":\"https:\/\/hokmaimoveis.com.br\/#\/schema\/logo\/image\/\",\"url\":\"https:\/\/hokmaimoveis.com.br\/wp-content\/uploads\/2023\/08\/cropped-logomarca.jpg\",\"contentUrl\":\"https:\/\/hokmaimoveis.com.br\/wp-content\/uploads\/2023\/08\/cropped-logomarca.jpg\",\"width\":555,\"height\":407,\"caption\":\"Hokma Imoveis\"},\"image\":{\"@id\":\"https:\/\/hokmaimoveis.com.br\/#\/schema\/logo\/image\/\"},\"sameAs\":[\"https:\/\/www.facebook.com\/hokmaimoveis\",\"https:\/\/www.instagram.com\/hokmaimoveis\/\",\"https:\/\/www.linkedin.com\/in\/elias-fernando-73724962\/\"]}]}<\/script>\n<!-- \/ Yoast SEO plugin. -->","yoast_head_json":{"title":"Casa No Vieiralves Nsa das Gra\u00e7as - Hokma Imoveis","robots":{"index":"index","follow":"follow","max-snippet":"max-snippet:-1","max-image-preview":"max-image-preview:large","max-video-preview":"max-video-preview:-1"},"canonical":"https:\/\/hokmaimoveis.com.br\/index.php\/produto\/casa-no-vieiralves-nsa-das-gracas\/","og_locale":"pt_BR","og_type":"article","og_title":"Casa No Vieiralves Nsa das Gra\u00e7as - Hokma Imoveis","og_description":"Excelente oportunidade de venda de casa no vieiralves, bairro, nsa. das gra\u00e7as, com terreno medindo: 15 x 25 = 375 m2 e 500 m2 de \u00e1rea constru\u00edda, casa com sala de estar jantar, dois dormit\u00f3rios sendo um suite, cozinha, \u00e1rea de servi\u00e7o, banheiro social, quintal,tr\u00eas vagas de garagens cobertas um ponto comercial ao lado da [&hellip;]","og_url":"https:\/\/hokmaimoveis.com.br\/index.php\/produto\/casa-no-vieiralves-nsa-das-gracas\/","og_site_name":"Hokma Imoveis","article_publisher":"https:\/\/www.facebook.com\/hokmaimoveis","og_image":[{"width":2560,"height":1920,"url":"https:\/\/hokmaimoveis.com.br\/wp-content\/uploads\/2024\/07\/02-5-scaled.jpg","type":"image\/jpeg"}],"twitter_card":"summary_large_image","twitter_misc":{"Est. tempo de leitura":"1 minuto"},"schema":{"@context":"https:\/\/schema.org","@graph":[{"@type":"WebPage","@id":"https:\/\/hokmaimoveis.com.br\/index.php\/produto\/casa-no-vieiralves-nsa-das-gracas\/","url":"https:\/\/hokmaimoveis.com.br\/index.php\/produto\/casa-no-vieiralves-nsa-das-gracas\/","name":"Casa No Vieiralves Nsa das Gra\u00e7as - Hokma Imoveis","isPartOf":{"@id":"https:\/\/hokmaimoveis.com.br\/#website"},"primaryImageOfPage":{"@id":"https:\/\/hokmaimoveis.com.br\/index.php\/produto\/casa-no-vieiralves-nsa-das-gracas\/#primaryimage"},"image":{"@id":"https:\/\/hokmaimoveis.com.br\/index.php\/produto\/casa-no-vieiralves-nsa-das-gracas\/#primaryimage"},"thumbnailUrl":"https:\/\/hokmaimoveis.com.br\/wp-content\/uploads\/2024\/07\/02-5-scaled.jpg","datePublished":"2024-07-24T16:50:45+00:00","dateModified":"2024-07-24T16:50:45+00:00","breadcrumb":{"@id":"https:\/\/hokmaimoveis.com.br\/index.php\/produto\/casa-no-vieiralves-nsa-das-gracas\/#breadcrumb"},"inLanguage":"pt-BR","potentialAction":[{"@type":"ReadAction","target":["https:\/\/hokmaimoveis.com.br\/index.php\/produto\/casa-no-vieiralves-nsa-das-gracas\/"]}]},{"@type":"ImageObject","inLanguage":"pt-BR","@id":"https:\/\/hokmaimoveis.com.br\/index.php\/produto\/casa-no-vieiralves-nsa-das-gracas\/#primaryimage","url":"https:\/\/hokmaimoveis.com.br\/wp-content\/uploads\/2024\/07\/02-5-scaled.jpg","contentUrl":"https:\/\/hokmaimoveis.com.br\/wp-content\/uploads\/2024\/07\/02-5-scaled.jpg","width":2560,"height":1920},{"@type":"BreadcrumbList","@id":"https:\/\/hokmaimoveis.com.br\/index.php\/produto\/casa-no-vieiralves-nsa-das-gracas\/#breadcrumb","itemListElement":[{"@type":"ListItem","position":1,"name":"In\u00edcio","item":"https:\/\/hokmaimoveis.com.br\/"},{"@type":"ListItem","position":2,"name":"Casa No Vieiralves Nsa das Gra\u00e7as"}]},{"@type":"WebSite","@id":"https:\/\/hokmaimoveis.com.br\/#website","url":"https:\/\/hokmaimoveis.com.br\/","name":"Hokma Imoveis","description":"","publisher":{"@id":"https:\/\/hokmaimoveis.com.br\/#organization"},"potentialAction":[{"@type":"SearchAction","target":{"@type":"EntryPoint","urlTemplate":"https:\/\/hokmaimoveis.com.br\/?s={search_term_string}"},"query-input":"required name=search_term_string"}],"inLanguage":"pt-BR"},{"@type":"Organization","@id":"https:\/\/hokmaimoveis.com.br\/#organization","name":"Hokma Imoveis","url":"https:\/\/hokmaimoveis.com.br\/","logo":{"@type":"ImageObject","inLanguage":"pt-BR","@id":"https:\/\/hokmaimoveis.com.br\/#\/schema\/logo\/image\/","url":"https:\/\/hokmaimoveis.com.br\/wp-content\/uploads\/2023\/08\/cropped-logomarca.jpg","contentUrl":"https:\/\/hokmaimoveis.com.br\/wp-content\/uploads\/2023\/08\/cropped-logomarca.jpg","width":555,"height":407,"caption":"Hokma Imoveis"},"image":{"@id":"https:\/\/hokmaimoveis.com.br\/#\/schema\/logo\/image\/"},"sameAs":["https:\/\/www.facebook.com\/hokmaimoveis","https:\/\/www.instagram.com\/hokmaimoveis\/","https:\/\/www.linkedin.com\/in\/elias-fernando-73724962\/"]}]}},"_links":{"self":[{"href":"https:\/\/hokmaimoveis.com.br\/index.php\/wp-json\/wp\/v2\/product\/1007"}],"collection":[{"href":"https:\/\/hokmaimoveis.com.br\/index.php\/wp-json\/wp\/v2\/product"}],"about":[{"href":"https:\/\/hokmaimoveis.com.br\/index.php\/wp-json\/wp\/v2\/types\/product"}],"version-history":[{"count":1,"href":"https:\/\/hokmaimoveis.com.br\/index.php\/wp-json\/wp\/v2\/product\/1007\/revisions"}],"predecessor-version":[{"id":1034,"href":"https:\/\/hokmaimoveis.com.br\/index.php\/wp-json\/wp\/v2\/product\/1007\/revisions\/1034"}],"wp:featuredmedia":[{"embeddable":true,"href":"https:\/\/hokmaimoveis.com.br\/index.php\/wp-json\/wp\/v2\/media\/1005"}],"wp:attachment":[{"href":"https:\/\/hokmaimoveis.com.br\/index.php\/wp-json\/wp\/v2\/media?parent=1007"}],"wp:term":[{"taxonomy":"product_cat","embeddable":true,"href":"https:\/\/hokmaimoveis.com.br\/index.php\/wp-json\/wp\/v2\/product_cat?post=1007"},{"taxonomy":"product_tag","embeddable":true,"href":"https:\/\/hokmaimoveis.com.br\/index.php\/wp-json\/wp\/v2\/product_tag?post=1007"}],"curies":[{"name":"wp","href":"https:\/\/api.w.org\/{rel}","templated":true}]}}